{"id":96,"date":"2025-10-06T08:49:53","date_gmt":"2025-10-06T08:49:53","guid":{"rendered":"https:\/\/www.moduvo.fi\/?page_id=96"},"modified":"2025-11-18T09:56:13","modified_gmt":"2025-11-18T09:56:13","slug":"palvelupaketit","status":"publish","type":"page","link":"http:\/\/www.moduvo.fi\/index.php\/palvelupaketit\/","title":{"rendered":"Palvelut"},"content":{"rendered":"\n<h2 class=\"wp-block-heading\">Rakennusalan konsultointi<\/h2>\n\n\n\n<p>Autan rakennusalan yrityksi\u00e4 kehitt\u00e4m\u00e4\u00e4n toimintaansa sek\u00e4 arjen prosesseissa ett\u00e4 suuremmissa kokonaisuuksissa. Konsultointi on k\u00e4yt\u00e4nn\u00f6nl\u00e4heist\u00e4, selke\u00e4\u00e4 ja suoraan yrityksesi tarpeisiin rakentuvaa.<\/p>\n\n\n\n<p>Konsultointi voi sis\u00e4lt\u00e4\u00e4 esimerkiksi:<\/p>\n\n\n\n<ul class=\"wp-block-list\">\n<li>Projektien ja ty\u00f6maaprosessien arviointi ja kehitt\u00e4minen<\/li>\n\n\n\n<li>Tarjouslaskennan, asiakaskommunikaation ja dokumentoinnin selkeytys<\/li>\n\n\n\n<li>Toimintamallien ja yrityksen sis\u00e4isen viestinn\u00e4n parantaminen<\/li>\n\n\n\n<li>Kustannustehokkuuden ja sujuvuuden kehitt\u00e4minen<\/li>\n\n\n\n<li>Materiaalien ja palvelukuvauksien yhdenmukaistaminen yrityksen br\u00e4ndiin<\/li>\n<\/ul>\n\n\n\n<p>Tavoite on auttaa yrityst\u00e4si toimimaan selke\u00e4mmin, tehokkaammin ja laadukkaammin \u2014 ilman turhaa monimutkaisuutta.<\/p>\n\n\n\n<h2 class=\"wp-block-heading\">Rakennusalan asiantuntijapalvelut<\/h2>\n\n\n\n<p>Tarjoan yrityksille asiantuntija-apua tilanteisiin, joissa tarvitaan tarkkaa osaamista ja selke\u00e4\u00e4 tukea:<\/p>\n\n\n\n<ul class=\"wp-block-list\">\n<li>Rakennuttamisen tuki <\/li>\n\n\n\n<li>Dokumentaation, lupien ja vaatimusten l\u00e4pik\u00e4ynti<\/li>\n\n\n\n<li>Laadunvarmistus ja ty\u00f6maan toimintojen selkeytys<\/li>\n\n\n\n<li>Valmiiden materiaalien ja dokumenttien tarkistus<\/li>\n\n\n\n<li>Vastuullisuuden ja l\u00e4pin\u00e4kyvyyden kehitt\u00e4minen asiakkaita varten<\/li>\n<\/ul>\n\n\n\n<p>Yrityksesi voi k\u00e4ytt\u00e4\u00e4 asiantuntija-apua tarpeen mukaan \u2014 pieni\u00e4 t\u00e4sm\u00e4toimeksiantoja tai laajempaa yhteisty\u00f6t\u00e4.<\/p>\n\n\n\n<h2 class=\"wp-block-heading\">Somepalvelut rakennusalan yrityksille<\/h2>\n\n\n\n<p>Rakennusalan yrityksen asiakkaat etsiv\u00e4t nyky\u00e4\u00e4n palveluita somesta ja arvostavat selke\u00e4\u00e4, luotettavaa ja ammattimaista ulkoasua.<br>Tarjoan rakennusalan toimijoille somesis\u00e4lt\u00f6j\u00e4 ja visuaalisia materiaaleja, jotka tukevat yrityksen myynti\u00e4, uskottavuutta ja tunnettuutta.<\/p>\n\n\n\n<p>Somepalvelut voivat sis\u00e4lt\u00e4\u00e4:<\/p>\n\n\n\n<ul class=\"wp-block-list\">\n<li>Projektien, palveluiden ja referenssien esittelyt<\/li>\n\n\n\n<li>Ammattimaiset grafiikat, kuvat ja julkaisuvalmiit materiaalit<\/li>\n\n\n\n<li>Someprofiilin yhten\u00e4ist\u00e4minen ja ilmeen selkeytt\u00e4minen<\/li>\n\n\n\n<li>Selke\u00e4t ja informatiiviset sis\u00e4ll\u00f6t, jotka puhuttelevat oikeita asiakkaita<\/li>\n<\/ul>\n\n\n\n<p>Somepalvelut ovat hyv\u00e4 tapa tuoda esiin yrityksesi osaamista ja vahvuuksia \u2014 erityisesti alalla, jossa visuaaliset n\u00e4yt\u00f6t ja luotettavuus ovat t\u00e4rkeit\u00e4.<\/p>\n","protected":false},"excerpt":{"rendered":"<p>Rakennusalan konsultointi Autan rakennusalan yrityksi\u00e4 kehitt\u00e4m\u00e4\u00e4n toimintaansa sek\u00e4 arjen prosesseissa ett\u00e4 suuremmissa kokonaisuuksissa. Konsultointi on k\u00e4yt\u00e4nn\u00f6nl\u00e4heist\u00e4, selke\u00e4\u00e4 ja suoraan yrityksesi tarpeisiin rakentuvaa. Konsultointi voi sis\u00e4lt\u00e4\u00e4 esimerkiksi: Tavoite on auttaa yrityst\u00e4si toimimaan selke\u00e4mmin, tehokkaammin ja laadukkaammin \u2014 ilman turhaa monimutkaisuutta. Rakennusalan asiantuntijapalvelut Tarjoan yrityksille asiantuntija-apua tilanteisiin, joissa tarvitaan tarkkaa osaamista ja selke\u00e4\u00e4 tukea: Yrityksesi voi k\u00e4ytt\u00e4\u00e4 &hellip; <\/p>\n<p class=\"link-more\"><a href=\"http:\/\/www.moduvo.fi\/index.php\/palvelupaketit\/\" class=\"more-link\">Jatka lukemista<span class=\"screen-reader-text\"> &#8221;Palvelut&#8221;<\/span><\/a><\/p>\n","protected":false},"author":1,"featured_media":0,"parent":0,"menu_order":3,"comment_status":"closed","ping_status":"closed","template":"","meta":{"footnotes":""},"class_list":["post-96","page","type-page","status-publish","hentry"],"_links":{"self":[{"href":"http:\/\/www.moduvo.fi\/index.php\/wp-json\/wp\/v2\/pages\/96","targetHints":{"allow":["GET"]}}],"collection":[{"href":"http:\/\/www.moduvo.fi\/index.php\/wp-json\/wp\/v2\/pages"}],"about":[{"href":"http:\/\/www.moduvo.fi\/index.php\/wp-json\/wp\/v2\/types\/page"}],"author":[{"embeddable":true,"href":"http:\/\/www.moduvo.fi\/index.php\/wp-json\/wp\/v2\/users\/1"}],"replies":[{"embeddable":true,"href":"http:\/\/www.moduvo.fi\/index.php\/wp-json\/wp\/v2\/comments?post=96"}],"version-history":[{"count":18,"href":"http:\/\/www.moduvo.fi\/index.php\/wp-json\/wp\/v2\/pages\/96\/revisions"}],"predecessor-version":[{"id":152,"href":"http:\/\/www.moduvo.fi\/index.php\/wp-json\/wp\/v2\/pages\/96\/revisions\/152"}],"wp:attachment":[{"href":"http:\/\/www.moduvo.fi\/index.php\/wp-json\/wp\/v2\/media?parent=96"}],"curies":[{"name":"wp","href":"https:\/\/api.w.org\/{rel}","templated":true}]}}