{"id":13,"date":"2025-09-08T09:10:21","date_gmt":"2025-09-08T09:10:21","guid":{"rendered":"https:\/\/www.moduvo.fi\/?page_id=13"},"modified":"2025-11-18T09:20:53","modified_gmt":"2025-11-18T09:20:53","slug":"ota-yhteytta","status":"publish","type":"page","link":"http:\/\/www.moduvo.fi\/index.php\/ota-yhteytta\/","title":{"rendered":"Ota yhteytt\u00e4"},"content":{"rendered":"\n<p>Haluatko selkeytt\u00e4\u00e4 yrityksesi toimintaa, parantaa projektien sujuvuutta tai saada asiantuntijan n\u00e4kemyksen rakentamiseen liittyviin kysymyksiin?<\/p>\n\n\n\n<p>Tai kaipaatko apua someen \u2014 selke\u00e4\u00e4, ammattimaista sis\u00e4lt\u00f6\u00e4, joka esittelee yrityksesi osaamisen ja vahvistaa asiakkaiden luottamusta?<\/p>\n\n\n\n<p><strong>Ota yhteytt\u00e4 \u2013 varaa maksuton kartoituskeskustelu.<\/strong><br>K\u00e4yd\u00e4\u00e4n yhdess\u00e4 l\u00e4pi tilanteesi, olipa kyseess\u00e4 konsultointi, asiantuntijapalvelu tai somen kehitt\u00e4minen.<\/p>\n\n\n\n<p><\/p>\n\n\n\n<p><\/p>\n","protected":false},"excerpt":{"rendered":"<p>Haluatko selkeytt\u00e4\u00e4 yrityksesi toimintaa, parantaa projektien sujuvuutta tai saada asiantuntijan n\u00e4kemyksen rakentamiseen liittyviin kysymyksiin? Tai kaipaatko apua someen \u2014 selke\u00e4\u00e4, ammattimaista sis\u00e4lt\u00f6\u00e4, joka esittelee yrityksesi osaamisen ja vahvistaa asiakkaiden luottamusta? Ota yhteytt\u00e4 \u2013 varaa maksuton kartoituskeskustelu.K\u00e4yd\u00e4\u00e4n yhdess\u00e4 l\u00e4pi tilanteesi, olipa kyseess\u00e4 konsultointi, asiantuntijapalvelu tai somen kehitt\u00e4minen.<\/p>\n","protected":false},"author":1,"featured_media":0,"parent":0,"menu_order":0,"comment_status":"closed","ping_status":"closed","template":"","meta":{"footnotes":""},"class_list":["post-13","page","type-page","status-publish","hentry"],"_links":{"self":[{"href":"http:\/\/www.moduvo.fi\/index.php\/wp-json\/wp\/v2\/pages\/13","targetHints":{"allow":["GET"]}}],"collection":[{"href":"http:\/\/www.moduvo.fi\/index.php\/wp-json\/wp\/v2\/pages"}],"about":[{"href":"http:\/\/www.moduvo.fi\/index.php\/wp-json\/wp\/v2\/types\/page"}],"author":[{"embeddable":true,"href":"http:\/\/www.moduvo.fi\/index.php\/wp-json\/wp\/v2\/users\/1"}],"replies":[{"embeddable":true,"href":"http:\/\/www.moduvo.fi\/index.php\/wp-json\/wp\/v2\/comments?post=13"}],"version-history":[{"count":10,"href":"http:\/\/www.moduvo.fi\/index.php\/wp-json\/wp\/v2\/pages\/13\/revisions"}],"predecessor-version":[{"id":147,"href":"http:\/\/www.moduvo.fi\/index.php\/wp-json\/wp\/v2\/pages\/13\/revisions\/147"}],"wp:attachment":[{"href":"http:\/\/www.moduvo.fi\/index.php\/wp-json\/wp\/v2\/media?parent=13"}],"curies":[{"name":"wp","href":"https:\/\/api.w.org\/{rel}","templated":true}]}}