{"id":12,"date":"2025-09-08T09:10:21","date_gmt":"2025-09-08T09:10:21","guid":{"rendered":"https:\/\/www.moduvo.fi\/?page_id=12"},"modified":"2025-11-18T08:27:28","modified_gmt":"2025-11-18T08:27:28","slug":"tietoja","status":"publish","type":"page","link":"http:\/\/www.moduvo.fi\/index.php\/tietoja\/","title":{"rendered":"Tietoja meist\u00e4"},"content":{"rendered":"\n<p>Olen rakennusinsin\u00f6\u00f6ri ja IT-tradenomi, joka on ty\u00f6skennellyt pitk\u00e4\u00e4n sek\u00e4 rakennusprojektien ett\u00e4 digitaalisten palveluiden parissa. Ymm\u00e4rr\u00e4n, miten rakennusalan arki toimii \u2014 ja miten prosesseja, dokumentointia ja viestint\u00e4\u00e4 voidaan parantaa ilman turhaa monimutkaisuutta.<\/p>\n\n\n\n<p>Tavoitteenani on auttaa pienempi\u00e4 ja keskisuuria rakennusalan yrityksi\u00e4 kehitt\u00e4m\u00e4\u00e4n toimintaansa niin, ett\u00e4 se n\u00e4kyy<\/p>\n\n\n\n<p>&#8211; parempana laatuna<\/p>\n\n\n\n<p>&#8211; tehokkaampina prosesseina<\/p>\n\n\n\n<p>&#8211; selke\u00e4mp\u00e4n\u00e4 viestint\u00e4n\u00e4<\/p>\n\n\n\n<p>&#8211; vahvempana asiakasluottamuksena<\/p>\n\n\n\n<p>Moduvo on kumppani, joka kulkee rinnalla ja tuo tukea juuri siihen kohtaan, miss\u00e4 sit\u00e4 tarvitaan.<\/p>\n\n\n\n<p><\/p>\n","protected":false},"excerpt":{"rendered":"<p>Olen rakennusinsin\u00f6\u00f6ri ja IT-tradenomi, joka on ty\u00f6skennellyt pitk\u00e4\u00e4n sek\u00e4 rakennusprojektien ett\u00e4 digitaalisten palveluiden parissa. Ymm\u00e4rr\u00e4n, miten rakennusalan arki toimii \u2014 ja miten prosesseja, dokumentointia ja viestint\u00e4\u00e4 voidaan parantaa ilman turhaa monimutkaisuutta. Tavoitteenani on auttaa pienempi\u00e4 ja keskisuuria rakennusalan yrityksi\u00e4 kehitt\u00e4m\u00e4\u00e4n toimintaansa niin, ett\u00e4 se n\u00e4kyy &#8211; parempana laatuna &#8211; tehokkaampina prosesseina &#8211; selke\u00e4mp\u00e4n\u00e4 viestint\u00e4n\u00e4 &#8211; &hellip; <\/p>\n<p class=\"link-more\"><a href=\"http:\/\/www.moduvo.fi\/index.php\/tietoja\/\" class=\"more-link\">Jatka lukemista<span class=\"screen-reader-text\"> &#8221;Tietoja meist\u00e4&#8221;<\/span><\/a><\/p>\n","protected":false},"author":1,"featured_media":37,"parent":0,"menu_order":0,"comment_status":"closed","ping_status":"closed","template":"","meta":{"footnotes":""},"class_list":["post-12","page","type-page","status-publish","has-post-thumbnail","hentry"],"_links":{"self":[{"href":"http:\/\/www.moduvo.fi\/index.php\/wp-json\/wp\/v2\/pages\/12","targetHints":{"allow":["GET"]}}],"collection":[{"href":"http:\/\/www.moduvo.fi\/index.php\/wp-json\/wp\/v2\/pages"}],"about":[{"href":"http:\/\/www.moduvo.fi\/index.php\/wp-json\/wp\/v2\/types\/page"}],"author":[{"embeddable":true,"href":"http:\/\/www.moduvo.fi\/index.php\/wp-json\/wp\/v2\/users\/1"}],"replies":[{"embeddable":true,"href":"http:\/\/www.moduvo.fi\/index.php\/wp-json\/wp\/v2\/comments?post=12"}],"version-history":[{"count":8,"href":"http:\/\/www.moduvo.fi\/index.php\/wp-json\/wp\/v2\/pages\/12\/revisions"}],"predecessor-version":[{"id":141,"href":"http:\/\/www.moduvo.fi\/index.php\/wp-json\/wp\/v2\/pages\/12\/revisions\/141"}],"wp:featuredmedia":[{"embeddable":true,"href":"http:\/\/www.moduvo.fi\/index.php\/wp-json\/wp\/v2\/media\/37"}],"wp:attachment":[{"href":"http:\/\/www.moduvo.fi\/index.php\/wp-json\/wp\/v2\/media?parent=12"}],"curies":[{"name":"wp","href":"https:\/\/api.w.org\/{rel}","templated":true}]}}