{"id":11,"date":"2025-09-08T09:10:21","date_gmt":"2025-09-08T09:10:21","guid":{"rendered":"https:\/\/www.moduvo.fi\/?page_id=11"},"modified":"2025-11-18T09:54:32","modified_gmt":"2025-11-18T09:54:32","slug":"etusivu","status":"publish","type":"page","link":"http:\/\/www.moduvo.fi\/","title":{"rendered":"Moduvo"},"content":{"rendered":"\n<p class=\"has-medium-font-size\">Rakennusalan asiantuntijapalvelut yrityksille<\/p>\n\n\n\n<p>Rakennusalan arki on t\u00e4ynn\u00e4 muuttuvia vaatimuksia, tiukkoja aikatauluja ja jatkuvaa laadun varmistamista. Moduvo tarjoaa yrityksille k\u00e4yt\u00e4nn\u00f6nl\u00e4heist\u00e4 ja selke\u00e4\u00e4 asiantuntijuutta, joka auttaa kehitt\u00e4m\u00e4\u00e4n toimintaa, vahvistamaan asiakasluottamusta ja parantamaan kannattavuutta.<\/p>\n\n\n\n<p>Yhdist\u00e4n rakennusinsin\u00f6\u00f6rin osaamisen, projektirakentamisen kokemuksen sek\u00e4 nykyaikaisen digiosaamisen \u2014 jotta yrityksesi voi toimia tehokkaammin, ammattimaisemmin ja n\u00e4ky\u00e4 ulosp\u00e4in laadukkaana toimijana.<\/p>\n\n\n\n<p>\ud83d\udc49 Konsultointia ja asiantuntijapalveluita, joilla on oikea vaikutus arkeen.<br>\ud83d\udc49 Selkeytt\u00e4 prosesseihin, parempaa viestint\u00e4\u00e4 ja laadun varmistusta.<\/p>\n\n\n\n<p><strong>Ota yhteytt\u00e4 ja varaa maksuton kartoituskeskustelu.<\/strong><br>K\u00e4yd\u00e4\u00e4n yhdess\u00e4 l\u00e4pi, miten yrityksesi voi kehitty\u00e4 seuraavalle tasolle.<\/p>\n\n\n\n<p><\/p>\n","protected":false},"excerpt":{"rendered":"<p>Rakennusalan asiantuntijapalvelut yrityksille Rakennusalan arki on t\u00e4ynn\u00e4 muuttuvia vaatimuksia, tiukkoja aikatauluja ja jatkuvaa laadun varmistamista. Moduvo tarjoaa yrityksille k\u00e4yt\u00e4nn\u00f6nl\u00e4heist\u00e4 ja selke\u00e4\u00e4 asiantuntijuutta, joka auttaa kehitt\u00e4m\u00e4\u00e4n toimintaa, vahvistamaan asiakasluottamusta ja parantamaan kannattavuutta. Yhdist\u00e4n rakennusinsin\u00f6\u00f6rin osaamisen, projektirakentamisen kokemuksen sek\u00e4 nykyaikaisen digiosaamisen \u2014 jotta yrityksesi voi toimia tehokkaammin, ammattimaisemmin ja n\u00e4ky\u00e4 ulosp\u00e4in laadukkaana toimijana. \ud83d\udc49 Konsultointia ja asiantuntijapalveluita, &hellip; <\/p>\n<p class=\"link-more\"><a href=\"http:\/\/www.moduvo.fi\/\" class=\"more-link\">Jatka lukemista<span class=\"screen-reader-text\"> &#8221;Moduvo&#8221;<\/span><\/a><\/p>\n","protected":false},"author":1,"featured_media":0,"parent":0,"menu_order":0,"comment_status":"closed","ping_status":"closed","template":"","meta":{"footnotes":""},"class_list":["post-11","page","type-page","status-publish","hentry"],"_links":{"self":[{"href":"http:\/\/www.moduvo.fi\/index.php\/wp-json\/wp\/v2\/pages\/11","targetHints":{"allow":["GET"]}}],"collection":[{"href":"http:\/\/www.moduvo.fi\/index.php\/wp-json\/wp\/v2\/pages"}],"about":[{"href":"http:\/\/www.moduvo.fi\/index.php\/wp-json\/wp\/v2\/types\/page"}],"author":[{"embeddable":true,"href":"http:\/\/www.moduvo.fi\/index.php\/wp-json\/wp\/v2\/users\/1"}],"replies":[{"embeddable":true,"href":"http:\/\/www.moduvo.fi\/index.php\/wp-json\/wp\/v2\/comments?post=11"}],"version-history":[{"count":11,"href":"http:\/\/www.moduvo.fi\/index.php\/wp-json\/wp\/v2\/pages\/11\/revisions"}],"predecessor-version":[{"id":149,"href":"http:\/\/www.moduvo.fi\/index.php\/wp-json\/wp\/v2\/pages\/11\/revisions\/149"}],"wp:attachment":[{"href":"http:\/\/www.moduvo.fi\/index.php\/wp-json\/wp\/v2\/media?parent=11"}],"curies":[{"name":"wp","href":"https:\/\/api.w.org\/{rel}","templated":true}]}}